{"id":812,"date":"2026-02-17T14:27:32","date_gmt":"2026-02-17T14:27:32","guid":{"rendered":"https:\/\/www.club-z-aero.be\/?page_id=812"},"modified":"2026-03-08T11:12:41","modified_gmt":"2026-03-08T11:12:41","slug":"2026-07-04-05-meeting","status":"publish","type":"page","link":"https:\/\/www.club-z-aero.be\/index.php\/2026-07-04-05-meeting\/","title":{"rendered":"2026 07 04-05  Meeting"},"content":{"rendered":"\n<div class=\"wp-block-columns is-layout-flex wp-container-core-columns-is-layout-9d6595d7 wp-block-columns-is-layout-flex\">\n<div class=\"wp-block-column is-layout-flow wp-block-column-is-layout-flow\">\n<figure class=\"wp-block-image size-full\"><img loading=\"lazy\" decoding=\"async\" width=\"640\" height=\"426\" src=\"https:\/\/www.club-z-aero.be\/wp-content\/uploads\/2026\/02\/10-14-st-14a-2.jpg\" alt=\"\" class=\"wp-image-839\" srcset=\"https:\/\/www.club-z-aero.be\/wp-content\/uploads\/2026\/02\/10-14-st-14a-2.jpg 640w, https:\/\/www.club-z-aero.be\/wp-content\/uploads\/2026\/02\/10-14-st-14a-2-300x200.jpg 300w\" sizes=\"auto, (max-width: 640px) 100vw, 640px\" \/><\/figure>\n<\/div>\n\n\n\n<div class=\"wp-block-column is-layout-flow wp-block-column-is-layout-flow\"><style id=\"wpforms-css-vars-841-block-fdb9e6e6-d46a-4c58-898c-9ae4ad31e1c2\">\n\t\t\t\t#wpforms-841.wpforms-block-fdb9e6e6-d46a-4c58-898c-9ae4ad31e1c2 {\n\t\t\t\t--wpforms-field-size-input-height: 43px;\n--wpforms-field-size-input-spacing: 15px;\n--wpforms-field-size-font-size: 16px;\n--wpforms-field-size-line-height: 19px;\n--wpforms-field-size-padding-h: 14px;\n--wpforms-field-size-checkbox-size: 16px;\n--wpforms-field-size-sublabel-spacing: 5px;\n--wpforms-field-size-icon-size: 1;\n--wpforms-label-size-font-size: 16px;\n--wpforms-label-size-line-height: 19px;\n--wpforms-label-size-sublabel-font-size: 14px;\n--wpforms-label-size-sublabel-line-height: 17px;\n--wpforms-button-size-font-size: 17px;\n--wpforms-button-size-height: 41px;\n--wpforms-button-size-padding-h: 15px;\n--wpforms-button-size-margin-top: 10px;\n\t\t\t}\n\t\t\t<\/style><div class=\"wpforms-container wpforms-container-full wpforms-block wpforms-block-fdb9e6e6-d46a-4c58-898c-9ae4ad31e1c2 wpforms-render-modern\" id=\"wpforms-841\"><form id=\"wpforms-form-841\" class=\"wpforms-validate wpforms-form wpforms-ajax-form\" data-formid=\"841\" method=\"post\" enctype=\"multipart\/form-data\" action=\"\/index.php\/wp-json\/wp\/v2\/pages\/812\" data-token=\"22270597cfa3fc4287581737030477a1\" data-token-time=\"1775382240\"><noscript class=\"wpforms-error-noscript\">Please enable JavaScript in your browser to complete this form.<\/noscript><div id=\"wpforms-error-noscript\" style=\"display: none;\">Please enable JavaScript in your browser to complete this form.<\/div><div class=\"wpforms-field-container\"><div id=\"wpforms-841-field_10-container\" class=\"wpforms-field wpforms-field-name\" data-field-id=\"10\"><label class=\"wpforms-field-label\" for=\"wpforms-841-field_10\">Nom ,Pr\u00e9nom <span class=\"wpforms-required-label\" aria-hidden=\"true\">*<\/span><\/label><input type=\"text\" id=\"wpforms-841-field_10\" class=\"wpforms-field-medium wpforms-field-required\" name=\"wpforms[fields][10]\" aria-errormessage=\"wpforms-841-field_10-error\" required><\/div><div id=\"wpforms-841-field_8-container\" class=\"wpforms-field wpforms-field-email\" data-field-id=\"8\"><label class=\"wpforms-field-label\" for=\"wpforms-841-field_8\">Email <span class=\"wpforms-required-label\" aria-hidden=\"true\">*<\/span><\/label><input type=\"email\" id=\"wpforms-841-field_8\" class=\"wpforms-field-medium wpforms-field-required\" name=\"wpforms[fields][8]\" spellcheck=\"false\" aria-errormessage=\"wpforms-841-field_8-error\" required><\/div><div id=\"wpforms-841-field_17-container\" class=\"wpforms-field wpforms-field-radio wpforms-list-inline\" data-field-id=\"17\"><fieldset><legend class=\"wpforms-field-label\">Membres : Serez vous pr\u00e9sent le vendredi  apr\u00e8s-midi<\/legend><ul id=\"wpforms-841-field_17\"><li class=\"choice-1 depth-1\"><input type=\"radio\" id=\"wpforms-841-field_17_1\" name=\"wpforms[fields][17]\" value=\"oui\" aria-errormessage=\"wpforms-841-field_17_1-error\"  ><label class=\"wpforms-field-label-inline\" for=\"wpforms-841-field_17_1\">oui<\/label><\/li><li class=\"choice-2 depth-1\"><input type=\"radio\" id=\"wpforms-841-field_17_2\" name=\"wpforms[fields][17]\" value=\"non\" aria-errormessage=\"wpforms-841-field_17_2-error\"  ><label class=\"wpforms-field-label-inline\" for=\"wpforms-841-field_17_2\">non<\/label><\/li><\/ul><\/fieldset><\/div><div id=\"wpforms-841-field_16-container\" class=\"wpforms-field wpforms-field-checkbox wpforms-list-inline\" data-field-id=\"16\"><fieldset><legend class=\"wpforms-field-label\">Viendrez vous nous rendre visite <\/legend><ul id=\"wpforms-841-field_16\"><li class=\"choice-1 depth-1\"><input type=\"checkbox\" id=\"wpforms-841-field_16_1\" name=\"wpforms[fields][16][]\" value=\"4\" aria-errormessage=\"wpforms-841-field_16_1-error\"  ><label class=\"wpforms-field-label-inline\" for=\"wpforms-841-field_16_1\">4<\/label><\/li><li class=\"choice-2 depth-1\"><input type=\"checkbox\" id=\"wpforms-841-field_16_2\" name=\"wpforms[fields][16][]\" value=\"5\" aria-errormessage=\"wpforms-841-field_16_2-error\"  ><label class=\"wpforms-field-label-inline\" for=\"wpforms-841-field_16_2\">5<\/label><\/li><\/ul><\/fieldset><\/div><div id=\"wpforms-841-field_6-container\" class=\"wpforms-field wpforms-field-select wpforms-field-select-style-classic\" data-field-id=\"6\"><label class=\"wpforms-field-label\" for=\"wpforms-841-field_6\">            Samedi soir Combien de personnes ?<\/label><select id=\"wpforms-841-field_6\" class=\"wpforms-field-medium\" name=\"wpforms[fields][6]\"><option value=\"Moi\"  class=\"choice-4 depth-1\"  >Moi<\/option><option value=\"moi +1\"  class=\"choice-1 depth-1\"  >moi +1<\/option><option value=\"moi +2\"  class=\"choice-2 depth-1\"  >moi +2<\/option><option value=\"moi +3\"  class=\"choice-3 depth-1\"  >moi +3<\/option><option value=\"+5 ou plus\"  class=\"choice-5 depth-1\"  >+5 ou plus<\/option><\/select><\/div><div id=\"wpforms-841-field_18-container\" class=\"wpforms-field wpforms-field-radio wpforms-list-2-columns\" data-field-id=\"18\"><fieldset><legend class=\"wpforms-field-label\">Serez vous pr\u00e9sent  au repas du samedi soir  ?  <\/legend><ul id=\"wpforms-841-field_18\"><li class=\"choice-1 depth-1\"><input type=\"radio\" id=\"wpforms-841-field_18_1\" name=\"wpforms[fields][18]\" value=\"Oui\" aria-errormessage=\"wpforms-841-field_18_1-error\"  ><label class=\"wpforms-field-label-inline\" for=\"wpforms-841-field_18_1\">Oui<\/label><\/li><li class=\"choice-2 depth-1\"><input type=\"radio\" id=\"wpforms-841-field_18_2\" name=\"wpforms[fields][18]\" value=\"Non\" aria-errormessage=\"wpforms-841-field_18_2-error\"  ><label class=\"wpforms-field-label-inline\" for=\"wpforms-841-field_18_2\">Non<\/label><\/li><\/ul><\/fieldset><\/div><div id=\"wpforms-841-field_22-container\" class=\"wpforms-field wpforms-field-select wpforms-field-select-style-classic\" data-field-id=\"22\"><label class=\"wpforms-field-label\" for=\"wpforms-841-field_22\">            Dimanche midi Combien de personnes ? <\/label><select id=\"wpforms-841-field_22\" class=\"wpforms-field-medium\" name=\"wpforms[fields][22]\"><option value=\"Moi\"  class=\"choice-4 depth-1\"  >Moi<\/option><option value=\"moi +1\"  class=\"choice-1 depth-1\"  >moi +1<\/option><option value=\"moi +2\"  class=\"choice-2 depth-1\"  >moi +2<\/option><option value=\"moi +3\"  class=\"choice-3 depth-1\"  >moi +3<\/option><option value=\"+5 ou plus\"  class=\"choice-5 depth-1\"  >+5 ou plus<\/option><\/select><\/div><div id=\"wpforms-841-field_13-container\" class=\"wpforms-field wpforms-field-text\" data-field-id=\"13\"><label class=\"wpforms-field-label\" for=\"wpforms-841-field_13\">Immatriculation OO-A\/V&#8230;  Licence FFAM <\/label><input type=\"text\" id=\"wpforms-841-field_13\" class=\"wpforms-field-medium\" name=\"wpforms[fields][13]\" aria-errormessage=\"wpforms-841-field_13-error\" ><\/div><div id=\"wpforms-841-field_12-container\" class=\"wpforms-field wpforms-field-checkbox wpforms-list-inline\" data-field-id=\"12\"><fieldset><legend class=\"wpforms-field-label\">Mod\u00e8les <\/legend><ul id=\"wpforms-841-field_12\"><li class=\"choice-1 depth-1\"><input type=\"checkbox\" id=\"wpforms-841-field_12_1\" name=\"wpforms[fields][12][]\" value=\"Avion\" aria-errormessage=\"wpforms-841-field_12_1-error\"  ><label class=\"wpforms-field-label-inline\" for=\"wpforms-841-field_12_1\">Avion<\/label><\/li><li class=\"choice-2 depth-1\"><input type=\"checkbox\" id=\"wpforms-841-field_12_2\" name=\"wpforms[fields][12][]\" value=\"Planeur\" aria-errormessage=\"wpforms-841-field_12_2-error\"  ><label class=\"wpforms-field-label-inline\" for=\"wpforms-841-field_12_2\">Planeur<\/label><\/li><li class=\"choice-3 depth-1\"><input type=\"checkbox\" id=\"wpforms-841-field_12_3\" name=\"wpforms[fields][12][]\" value=\"Jet\" aria-errormessage=\"wpforms-841-field_12_3-error\"  ><label class=\"wpforms-field-label-inline\" for=\"wpforms-841-field_12_3\">Jet<\/label><\/li><li class=\"choice-4 depth-1\"><input type=\"checkbox\" id=\"wpforms-841-field_12_4\" name=\"wpforms[fields][12][]\" value=\"H\u00e9lico\" aria-errormessage=\"wpforms-841-field_12_4-error\"  ><label class=\"wpforms-field-label-inline\" for=\"wpforms-841-field_12_4\">H\u00e9lico<\/label><\/li><li class=\"choice-5 depth-1\"><input type=\"checkbox\" id=\"wpforms-841-field_12_5\" name=\"wpforms[fields][12][]\" value=\"Drone\" aria-errormessage=\"wpforms-841-field_12_5-error\"  ><label class=\"wpforms-field-label-inline\" for=\"wpforms-841-field_12_5\">Drone<\/label><\/li><\/ul><\/fieldset><\/div><div id=\"wpforms-841-field_7-container\" class=\"wpforms-field wpforms-field-textarea\" data-field-id=\"7\"><label class=\"wpforms-field-label\" for=\"wpforms-841-field_7\">Pr\u00e9sentation <\/label><textarea id=\"wpforms-841-field_7\" class=\"wpforms-field-medium\" name=\"wpforms[fields][7]\" aria-errormessage=\"wpforms-841-field_7-error\" ><\/textarea><\/div><\/div><!-- .wpforms-field-container --><div class=\"wpforms-submit-container\" ><input type=\"hidden\" name=\"wpforms[id]\" value=\"841\"><input type=\"hidden\" name=\"page_title\" value=\"\"><input type=\"hidden\" name=\"page_url\" value=\"https:\/\/www.club-z-aero.be\/index.php\/wp-json\/wp\/v2\/pages\/812\"><input type=\"hidden\" name=\"url_referer\" value=\"\"><button type=\"submit\" name=\"wpforms[submit]\" id=\"wpforms-submit-841\" class=\"wpforms-submit\" data-alt-text=\"Sending...\" data-submit-text=\"Submit\" aria-live=\"assertive\" value=\"wpforms-submit\">Submit<\/button><img loading=\"lazy\" decoding=\"async\" src=\"https:\/\/www.club-z-aero.be\/wp-content\/plugins\/wpforms-lite\/assets\/images\/submit-spin.svg\" class=\"wpforms-submit-spinner\" style=\"display: none;\" width=\"26\" height=\"26\" alt=\"Loading\"><\/div><\/form><\/div>  <!-- .wpforms-container -->\n\n\n<p><\/p>\n<\/div>\n\n\n\n<div class=\"wp-block-column is-layout-flow wp-block-column-is-layout-flow\">\n<p><strong><font dir=\"auto\" style=\"vertical-align: inherit;\"><font dir=\"auto\" style=\"vertical-align: inherit;\">Dates :<\/font><\/font><\/strong><font dir=\"auto\" style=\"vertical-align: inherit;\"><font dir=\"auto\" style=\"vertical-align: inherit;\"> &nbsp;4 &#8211; 5 juillet 2026<\/font><\/font><\/p>\n\n\n\n<p><strong>Heures:<\/strong>&nbsp;10:00 \u2013 19:00<\/p>\n\n\n\n<p><strong>Club:<\/strong>&nbsp;Club Z<\/p>\n\n\n\n<p>rue Notre Dame de Lorette 7040 Quevy (Bougnies)<\/p>\n\n\n\n<p><strong>GPS:<\/strong>&nbsp;N 50\u00b0 23\u2032 35.45 E 003\u00b0 56\u2032 23.<\/p>\n\n\n\n<p><strong>Organisateur:<\/strong>&nbsp;Zardini JP&nbsp;<strong>E-mail:<\/strong>&nbsp;jp.zardini@skynet.be<\/p>\n\n\n\n<p><strong>T\u00e9l\u00e9phone:<\/strong>&nbsp;+32 484 63 32 53<\/p>\n\n\n\n<p><strong>Prix:<\/strong>&nbsp;Entr\u00e9e gratuite<\/p>\n\n\n\n<p><strong>Restauration:<\/strong><\/p>\n\n\n\n<p>Samedi et Dimanche : Petite restauration<\/p>\n\n\n\n<p>Samedi soir : Banquet prix +- .. \u20ac (Boissons non comprises)<\/p>\n\n\n\n<p><strong>MENU<\/strong><\/p>\n\n\n\n<p><strong>Ap\u00e9ritif<\/strong><\/p>\n\n\n\n<p><strong>Mises en bouche<\/strong><\/p>\n\n\n\n<p><strong>\u2026\u2026\u2026\u2026\u2026\u2026..<\/strong><\/p>\n\n\n\n<p><strong>\u2026\u2026\u2026\u2026\u2026\u2026.<\/strong><\/p>\n<\/div>\n<\/div>\n\n\n\n<p><\/p>\n","protected":false},"excerpt":{"rendered":"<p>Dates : &nbsp;4 &#8211; 5 juillet 2026 Heures:&nbsp;10:00 \u2013 19:00 Club:&nbsp;Club Z rue Notre Dame de Lorette 7040 Quevy (Bougnies) GPS:&nbsp;N 50\u00b0 23\u2032 35.45 E 003\u00b0 56\u2032 23. Organisateur:&nbsp;Zardini JP&nbsp;E-mail:&nbsp;jp.zardini@skynet.be T\u00e9l\u00e9phone:&nbsp;+32 484 63 32 53 Prix:&nbsp;Entr\u00e9e gratuite Restauration: Samedi et Dimanche : Petite restauration Samedi soir : Banquet prix +- .. \u20ac (Boissons non comprises) &#8230; <a title=\"2026 07 04-05  Meeting\" class=\"read-more\" href=\"https:\/\/www.club-z-aero.be\/index.php\/2026-07-04-05-meeting\/\" aria-label=\"Read more about 2026 07 04-05  Meeting\">Read more<\/a><\/p>\n","protected":false},"author":1,"featured_media":0,"parent":0,"menu_order":0,"comment_status":"closed","ping_status":"closed","template":"","meta":{"ngg_post_thumbnail":0,"footnotes":""},"class_list":["post-812","page","type-page","status-publish"],"_links":{"self":[{"href":"https:\/\/www.club-z-aero.be\/index.php\/wp-json\/wp\/v2\/pages\/812","targetHints":{"allow":["GET"]}}],"collection":[{"href":"https:\/\/www.club-z-aero.be\/index.php\/wp-json\/wp\/v2\/pages"}],"about":[{"href":"https:\/\/www.club-z-aero.be\/index.php\/wp-json\/wp\/v2\/types\/page"}],"author":[{"embeddable":true,"href":"https:\/\/www.club-z-aero.be\/index.php\/wp-json\/wp\/v2\/users\/1"}],"replies":[{"embeddable":true,"href":"https:\/\/www.club-z-aero.be\/index.php\/wp-json\/wp\/v2\/comments?post=812"}],"version-history":[{"count":12,"href":"https:\/\/www.club-z-aero.be\/index.php\/wp-json\/wp\/v2\/pages\/812\/revisions"}],"predecessor-version":[{"id":939,"href":"https:\/\/www.club-z-aero.be\/index.php\/wp-json\/wp\/v2\/pages\/812\/revisions\/939"}],"wp:attachment":[{"href":"https:\/\/www.club-z-aero.be\/index.php\/wp-json\/wp\/v2\/media?parent=812"}],"curies":[{"name":"wp","href":"https:\/\/api.w.org\/{rel}","templated":true}]}}