{"id":26,"date":"2024-05-07T13:31:13","date_gmt":"2024-05-07T13:31:13","guid":{"rendered":"https:\/\/www.club-z-aero.be\/?page_id=26"},"modified":"2026-04-02T18:11:18","modified_gmt":"2026-04-02T18:11:18","slug":"manifestations","status":"publish","type":"page","link":"https:\/\/www.club-z-aero.be\/index.php\/manifestations\/","title":{"rendered":"Manifestations"},"content":{"rendered":"\n<p class=\"has-text-align-center\">Inauguration , acc\u00e8s r\u00e9serv\u00e9 aux membres<\/p>\n\n\n\n<p><strong>11-12 Avril 2026<\/strong><\/p>\n\n\n\n<div class=\"wp-block-columns is-layout-flex wp-container-core-columns-is-layout-9d6595d7 wp-block-columns-is-layout-flex\">\n<div class=\"wp-block-column is-layout-flow wp-block-column-is-layout-flow\"><div class=\"wp-block-image\">\n<figure class=\"aligncenter size-full is-resized\"><img loading=\"lazy\" decoding=\"async\" width=\"349\" height=\"241\" src=\"https:\/\/www.club-z-aero.be\/wp-content\/uploads\/2026\/02\/Club-Z-Bougnies.png\" alt=\"\" class=\"wp-image-826\" style=\"aspect-ratio:1.4482237339380197;width:914px;height:auto\" srcset=\"https:\/\/www.club-z-aero.be\/wp-content\/uploads\/2026\/02\/Club-Z-Bougnies.png 349w, https:\/\/www.club-z-aero.be\/wp-content\/uploads\/2026\/02\/Club-Z-Bougnies-300x207.png 300w\" sizes=\"auto, (max-width: 349px) 100vw, 349px\" \/><\/figure>\n<\/div><\/div>\n<\/div>\n","protected":false},"excerpt":{"rendered":"<p>Inauguration , acc\u00e8s r\u00e9serv\u00e9 aux membres 11-12 Avril 2026<\/p>\n","protected":false},"author":1,"featured_media":0,"parent":0,"menu_order":0,"comment_status":"closed","ping_status":"closed","template":"","meta":{"ngg_post_thumbnail":0,"footnotes":""},"class_list":["post-26","page","type-page","status-publish"],"_links":{"self":[{"href":"https:\/\/www.club-z-aero.be\/index.php\/wp-json\/wp\/v2\/pages\/26","targetHints":{"allow":["GET"]}}],"collection":[{"href":"https:\/\/www.club-z-aero.be\/index.php\/wp-json\/wp\/v2\/pages"}],"about":[{"href":"https:\/\/www.club-z-aero.be\/index.php\/wp-json\/wp\/v2\/types\/page"}],"author":[{"embeddable":true,"href":"https:\/\/www.club-z-aero.be\/index.php\/wp-json\/wp\/v2\/users\/1"}],"replies":[{"embeddable":true,"href":"https:\/\/www.club-z-aero.be\/index.php\/wp-json\/wp\/v2\/comments?post=26"}],"version-history":[{"count":12,"href":"https:\/\/www.club-z-aero.be\/index.php\/wp-json\/wp\/v2\/pages\/26\/revisions"}],"predecessor-version":[{"id":1736,"href":"https:\/\/www.club-z-aero.be\/index.php\/wp-json\/wp\/v2\/pages\/26\/revisions\/1736"}],"wp:attachment":[{"href":"https:\/\/www.club-z-aero.be\/index.php\/wp-json\/wp\/v2\/media?parent=26"}],"curies":[{"name":"wp","href":"https:\/\/api.w.org\/{rel}","templated":true}]}}