{"id":14,"date":"2024-05-07T13:29:39","date_gmt":"2024-05-07T13:29:39","guid":{"rendered":"https:\/\/www.club-z-aero.be\/?page_id=14"},"modified":"2026-04-10T06:39:54","modified_gmt":"2026-04-10T06:39:54","slug":"hello","status":"publish","type":"page","link":"https:\/\/www.club-z-aero.be\/","title":{"rendered":"Hello"},"content":{"rendered":"\n<p>2026 A bient\u00f4t sur notre nouveau terrain (170 x 75)  : Rue Notre Dame de Lorette \u00e0 Bougnies\/Quevy<\/p>\n\n\n\n<div class=\"wp-block-columns is-layout-flex wp-container-core-columns-is-layout-9d6595d7 wp-block-columns-is-layout-flex\">\n<div class=\"wp-block-column is-layout-flow wp-block-column-is-layout-flow\" style=\"flex-basis:66.66%\">\n<figure class=\"wp-block-image size-full\"><img loading=\"lazy\" decoding=\"async\" width=\"600\" height=\"450\" src=\"https:\/\/www.club-z-aero.be\/wp-content\/uploads\/2026\/03\/cde49dbf-1c17-402a-8b7c-c49a23856f5a.jpg\" alt=\"\" class=\"wp-image-879\" srcset=\"https:\/\/www.club-z-aero.be\/wp-content\/uploads\/2026\/03\/cde49dbf-1c17-402a-8b7c-c49a23856f5a.jpg 600w, https:\/\/www.club-z-aero.be\/wp-content\/uploads\/2026\/03\/cde49dbf-1c17-402a-8b7c-c49a23856f5a-300x225.jpg 300w\" sizes=\"auto, (max-width: 600px) 100vw, 600px\" \/><\/figure>\n<\/div>\n\n\n\n<div class=\"wp-block-column is-layout-flow wp-block-column-is-layout-flow\"><\/div>\n\n\n\n<div class=\"wp-block-column is-layout-flow wp-block-column-is-layout-flow\" style=\"flex-basis:33.33%\">\n<p>Si vous souhaitez vous insrire ,<\/p>\n\n\n\n<p><a href=\"https:\/\/www.club-z-aero.be\/index.php\/je-souhaite-adherer-au-club-z\/\" data-type=\"page\" data-id=\"53\">remplissez le formulaire <\/a><\/p>\n\n\n\n<p>AVRIL <\/p>\n\n\n\n<p>4  Les membres d\u00e9couvrent leur nouveau terrain et prennent leurs rep\u00e8res<\/p>\n\n\n\n<p>11-12 inauguration acc\u00e8s r\u00e9serv\u00e9 aux membres <\/p>\n\n\n\n<p>18-19 accueil des riverains <\/p>\n\n\n\n<p><\/p>\n\n\n\n<p><\/p>\n<\/div>\n<\/div>\n\n\n\n<div class=\"wp-block-columns is-layout-flex wp-container-core-columns-is-layout-9d6595d7 wp-block-columns-is-layout-flex\">\n<div class=\"wp-block-column is-layout-flow wp-block-column-is-layout-flow\">\n<p>2025 10 16 Labourer , Herser<\/p>\n\n\n\nngg_shortcode_0_placeholder\n<\/div>\n\n\n\n<div class=\"wp-block-column is-layout-flow wp-block-column-is-layout-flow\">\n<p>2025 10 25 Ensemencer<\/p>\n\n\n\nngg_shortcode_1_placeholder\n<\/div>\n\n\n\n<div class=\"wp-block-column is-layout-flow wp-block-column-is-layout-flow\">\n<p><strong>2025 11 25 \u00e7a pousse<\/strong><\/p>\n\n\n\nngg_shortcode_2_placeholder\n<\/div>\n<\/div>\n\n\n\n<div class=\"wp-block-columns is-layout-flex wp-container-core-columns-is-layout-9d6595d7 wp-block-columns-is-layout-flex\">\n<div class=\"wp-block-column is-layout-flow wp-block-column-is-layout-flow\">\n<p>2026 01 15 Panorama<\/p>\n\n\n\nngg_shortcode_3_placeholder\n<\/div>\n\n\n\n<div class=\"wp-block-column is-layout-flow wp-block-column-is-layout-flow\">\n<p>2026 02 19 Nos Bureaux<\/p>\n\n\n\nngg_shortcode_4_placeholder\n<\/div>\n\n\n\n<div class=\"wp-block-column is-layout-flow wp-block-column-is-layout-flow\">\n<p>2026 03 07 Prrsque fini <\/p>\n\n\n\nngg_shortcode_5_placeholder\n<\/div>\n<\/div>\n\n\n\n<p>2026 ?? ?? Fini <\/p>\n\n\n\nngg_shortcode_6_placeholder\n","protected":false},"excerpt":{"rendered":"<p>2026 A bient\u00f4t sur notre nouveau terrain (170 x 75) : Rue Notre Dame de Lorette \u00e0 Bougnies\/Quevy Si vous souhaitez vous insrire , remplissez le formulaire AVRIL 4 Les membres d\u00e9couvrent leur nouveau terrain et prennent leurs rep\u00e8res 11-12 inauguration acc\u00e8s r\u00e9serv\u00e9 aux membres 18-19 accueil des riverains 2025 10 16 Labourer , Herser &#8230; <a title=\"Hello\" class=\"read-more\" href=\"https:\/\/www.club-z-aero.be\/\" aria-label=\"Read more about Hello\">Read more<\/a><\/p>\n","protected":false},"author":1,"featured_media":0,"parent":0,"menu_order":0,"comment_status":"closed","ping_status":"closed","template":"","meta":{"ngg_post_thumbnail":0,"footnotes":""},"class_list":["post-14","page","type-page","status-publish"],"_links":{"self":[{"href":"https:\/\/www.club-z-aero.be\/index.php\/wp-json\/wp\/v2\/pages\/14","targetHints":{"allow":["GET"]}}],"collection":[{"href":"https:\/\/www.club-z-aero.be\/index.php\/wp-json\/wp\/v2\/pages"}],"about":[{"href":"https:\/\/www.club-z-aero.be\/index.php\/wp-json\/wp\/v2\/types\/page"}],"author":[{"embeddable":true,"href":"https:\/\/www.club-z-aero.be\/index.php\/wp-json\/wp\/v2\/users\/1"}],"replies":[{"embeddable":true,"href":"https:\/\/www.club-z-aero.be\/index.php\/wp-json\/wp\/v2\/comments?post=14"}],"version-history":[{"count":37,"href":"https:\/\/www.club-z-aero.be\/index.php\/wp-json\/wp\/v2\/pages\/14\/revisions"}],"predecessor-version":[{"id":1751,"href":"https:\/\/www.club-z-aero.be\/index.php\/wp-json\/wp\/v2\/pages\/14\/revisions\/1751"}],"wp:attachment":[{"href":"https:\/\/www.club-z-aero.be\/index.php\/wp-json\/wp\/v2\/media?parent=14"}],"curies":[{"name":"wp","href":"https:\/\/api.w.org\/{rel}","templated":true}]}}